{"id":1080,"date":"2025-12-13T10:46:35","date_gmt":"2025-12-13T13:46:35","guid":{"rendered":"https:\/\/mediosfericos.unam.edu.ar\/?page_id=1080"},"modified":"2026-03-24T18:17:28","modified_gmt":"2026-03-24T21:17:28","slug":"comunicados","status":"publish","type":"page","link":"https:\/\/mediosfericos.unam.edu.ar\/index.php\/comunicados\/","title":{"rendered":"COMUNICADOS"},"content":{"rendered":"\n<div class=\"wp-block-cover is-light\" style=\"min-height:181px;aspect-ratio:unset;\"><span aria-hidden=\"true\" class=\"wp-block-cover__background has-custom-color-2-background-color has-background-dim-100 has-background-dim\"><\/span><div class=\"wp-block-cover__inner-container has-global-padding is-layout-constrained wp-block-cover-is-layout-constrained\">\n<p class=\"has-text-align-center has-custom-blanco-fondo-color-color has-text-color has-link-color has-fontprimary-font-family wp-elements-54a0bbb2193c7e9c065beabd0a389f12\" style=\"font-size:clamp(35.641px, 2.228rem + ((1vw - 3.2px) * 3.336), 65px);\"><strong>COMUNICADOS<\/strong><\/p>\n<\/div><\/div>\n\n\n\n<div class=\"wp-block-query is-layout-flow wp-block-query-is-layout-flow\"><ul class=\"columns-3 wp-block-post-template has-background has-custom-blanco-fondo-color-background-color is-layout-grid wp-container-core-post-template-is-layout-6d3fbd8f wp-block-post-template-is-layout-grid\"><li class=\"wp-block-post post-1092 post type-post status-publish format-standard has-post-thumbnail hentry category-decimos tag-comunicados\">\n\n<div class=\"wp-block-group is-layout-flow wp-block-group-is-layout-flow\" style=\"padding-top:30px;padding-right:30px;padding-bottom:30px;padding-left:30px\"><figure style=\"aspect-ratio:1;\" class=\"wp-block-post-featured-image\"><img loading=\"lazy\" decoding=\"async\" width=\"1200\" height=\"800\" src=\"https:\/\/mediosfericos.unam.edu.ar\/wp-content\/uploads\/2025\/12\/accion-dia-del-periodista-plaza-de-mayo-argra-sipreba-2.jpg\" class=\"attachment-post-thumbnail size-post-thumbnail wp-post-image\" alt=\"\" style=\"width:100%;height:100%;object-fit:cover;\" \/><\/figure>\n\n<h2 class=\"has-link-color wp-elements-e79775a8b169b553fb908e8a3149e135 wp-block-post-title has-text-color has-custom-color-2-color\"><a href=\"https:\/\/mediosfericos.unam.edu.ar\/index.php\/2025\/12\/13\/sin-derechos-no-hay-libertad\/\" target=\"_self\" >Sin derechos no hay libertad<\/a><\/h2>\n\n\n<div class=\"wp-block-columns is-layout-flex wp-container-core-columns-is-layout-28f84493 wp-block-columns-is-layout-flex\">\n<div class=\"wp-block-column is-layout-flow wp-block-column-is-layout-flow\">\n<hr class=\"wp-block-separator has-text-color has-custom-color-2-color has-alpha-channel-opacity has-custom-color-2-background-color has-background is-style-wide\"\/>\n<\/div>\n<\/div>\n\n\n<div class=\"wp-block-post-excerpt\"><p class=\"wp-block-post-excerpt__excerpt\">Las Carreras de Comunicaci\u00f3n Social y el Equipo de Investigaci\u00f3n Mediosf\u00e9ricos de la Facultad de Humanidades y Ciencias Sociales de la Universidad Nacional de Misiones expresamos nuestro rechazo a la reforma laboral propuesta en el proyecto denominado \u201cLey de Modernizaci\u00f3n Laboral\u201d. La iniciativa implica una transformaci\u00f3n regresiva e inconstitucional y atenta contra derechos laborales y&hellip; <\/p><\/div>\n\n<a style=\"padding-top:var(--wp--preset--spacing--superbspacing-xsmall);padding-bottom:var(--wp--preset--spacing--superbspacing-xsmall);padding-left:var(--wp--preset--spacing--superbspacing-xsmall);padding-right:var(--wp--preset--spacing--superbspacing-xsmall);\" class=\"wp-elements-b3d66253e6af93ab2946466f9d6bf6ba wp-block-read-more has-text-color has-custom-blanco-fondo-color-color has-background has-custom-color-2-background-color\" href=\"https:\/\/mediosfericos.unam.edu.ar\/index.php\/2025\/12\/13\/sin-derechos-no-hay-libertad\/\" target=\"_self\">Leer m\u00e1s<span class=\"screen-reader-text\">: Sin derechos no hay libertad<\/span><\/a><\/div>\n\n<\/li><li class=\"wp-block-post post-1037 post type-post status-publish format-standard has-post-thumbnail hentry category-decimos tag-comunicados\">\n\n<div class=\"wp-block-group is-layout-flow wp-block-group-is-layout-flow\" style=\"padding-top:30px;padding-right:30px;padding-bottom:30px;padding-left:30px\"><figure style=\"aspect-ratio:1;\" class=\"wp-block-post-featured-image\"><img loading=\"lazy\" decoding=\"async\" width=\"1600\" height=\"1200\" src=\"https:\/\/mediosfericos.unam.edu.ar\/wp-content\/uploads\/2025\/11\/COMUNICADO_DOCENTES_2.jpg\" class=\"attachment-post-thumbnail size-post-thumbnail wp-post-image\" alt=\"\" style=\"width:100%;height:100%;object-fit:cover;\" \/><\/figure>\n\n<h2 class=\"has-link-color wp-elements-e79775a8b169b553fb908e8a3149e135 wp-block-post-title has-text-color has-custom-color-2-color\"><a href=\"https:\/\/mediosfericos.unam.edu.ar\/index.php\/2025\/11\/27\/la-protesta-y-la-organizacion-social-son-derechos\/\" target=\"_self\" >La protesta y la organizaci\u00f3n social son derechos<\/a><\/h2>\n\n\n<div class=\"wp-block-columns is-layout-flex wp-container-core-columns-is-layout-28f84493 wp-block-columns-is-layout-flex\">\n<div class=\"wp-block-column is-layout-flow wp-block-column-is-layout-flow\">\n<hr class=\"wp-block-separator has-text-color has-custom-color-2-color has-alpha-channel-opacity has-custom-color-2-background-color has-background is-style-wide\"\/>\n<\/div>\n<\/div>\n\n\n<div class=\"wp-block-post-excerpt\"><p class=\"wp-block-post-excerpt__excerpt\">El Equipo de Investigaci\u00f3n Mediosf\u00e9ricos -de la Facultad de Humanidades y Ciencias Sociales de la Universidad Nacional de Misiones- expresa su preocupaci\u00f3n, rechazo y repudio a la condena dictada por la jueza Correccional y de Menores N\u00ba 1 Marcela Leiva a lxs docentes M\u00f3nica Gurina y Leandro S\u00e1nchez -referentes de la CTA Aut\u00f3noma Misiones y&nbsp;&hellip; <\/p><\/div>\n\n<a style=\"padding-top:var(--wp--preset--spacing--superbspacing-xsmall);padding-bottom:var(--wp--preset--spacing--superbspacing-xsmall);padding-left:var(--wp--preset--spacing--superbspacing-xsmall);padding-right:var(--wp--preset--spacing--superbspacing-xsmall);\" class=\"wp-elements-b3d66253e6af93ab2946466f9d6bf6ba wp-block-read-more has-text-color has-custom-blanco-fondo-color-color has-background has-custom-color-2-background-color\" href=\"https:\/\/mediosfericos.unam.edu.ar\/index.php\/2025\/11\/27\/la-protesta-y-la-organizacion-social-son-derechos\/\" target=\"_self\">Leer m\u00e1s<span class=\"screen-reader-text\">: La protesta y la organizaci\u00f3n social son derechos<\/span><\/a><\/div>\n\n<\/li><li class=\"wp-block-post post-684 post type-post status-publish format-standard has-post-thumbnail hentry category-decimos tag-comunicados\">\n\n<div class=\"wp-block-group is-layout-flow wp-block-group-is-layout-flow\" style=\"padding-top:30px;padding-right:30px;padding-bottom:30px;padding-left:30px\"><figure style=\"aspect-ratio:1;\" class=\"wp-block-post-featured-image\"><img loading=\"lazy\" decoding=\"async\" width=\"1080\" height=\"1350\" src=\"https:\/\/mediosfericos.unam.edu.ar\/wp-content\/uploads\/2025\/11\/Diseno-sin-titulo.png\" class=\"attachment-post-thumbnail size-post-thumbnail wp-post-image\" alt=\"\" style=\"width:100%;height:100%;object-fit:cover;\" \/><\/figure>\n\n<h2 class=\"has-link-color wp-elements-e79775a8b169b553fb908e8a3149e135 wp-block-post-title has-text-color has-custom-color-2-color\"><a href=\"https:\/\/mediosfericos.unam.edu.ar\/index.php\/2025\/11\/05\/684\/\" target=\"_self\" >10 a\u00f1os Mediosf\u00e9ricos<\/a><\/h2>\n\n\n<div class=\"wp-block-columns is-layout-flex wp-container-core-columns-is-layout-28f84493 wp-block-columns-is-layout-flex\">\n<div class=\"wp-block-column is-layout-flow wp-block-column-is-layout-flow\">\n<hr class=\"wp-block-separator has-text-color has-custom-color-2-color has-alpha-channel-opacity has-custom-color-2-background-color has-background is-style-wide\"\/>\n<\/div>\n<\/div>\n\n\n<div class=\"wp-block-post-excerpt\"><p class=\"wp-block-post-excerpt__excerpt\">\u201cMediosf\u00e9ricos: 10 a\u00f1os de investigaci\u00f3n en comunicaci\u00f3n con perspectiva de derechos\u201d El equipo de investigaci\u00f3n \u201cMediosf\u00e9ricos\u201d celebra una d\u00e9cada de trabajo sostenido en el estudio de la comunicaci\u00f3n desde una perspectiva de derechos. En este marco, el jueves 6 de noviembre a las 18 hs se realizar\u00e1 la presentaci\u00f3n de resultados de investigaci\u00f3n y el&hellip; <\/p><\/div>\n\n<a style=\"padding-top:var(--wp--preset--spacing--superbspacing-xsmall);padding-bottom:var(--wp--preset--spacing--superbspacing-xsmall);padding-left:var(--wp--preset--spacing--superbspacing-xsmall);padding-right:var(--wp--preset--spacing--superbspacing-xsmall);\" class=\"wp-elements-b3d66253e6af93ab2946466f9d6bf6ba wp-block-read-more has-text-color has-custom-blanco-fondo-color-color has-background has-custom-color-2-background-color\" href=\"https:\/\/mediosfericos.unam.edu.ar\/index.php\/2025\/11\/05\/684\/\" target=\"_self\">Leer m\u00e1s<span class=\"screen-reader-text\">: 10 a\u00f1os Mediosf\u00e9ricos<\/span><\/a><\/div>\n\n<\/li><\/ul><\/div>\n","protected":false},"excerpt":{"rendered":"","protected":false},"author":3,"featured_media":0,"parent":0,"menu_order":0,"comment_status":"closed","ping_status":"closed","template":"blog-sidebar","meta":{"footnotes":""},"class_list":["post-1080","page","type-page","status-publish","hentry"],"featured_media_urls":[],"_links":{"self":[{"href":"https:\/\/mediosfericos.unam.edu.ar\/index.php\/wp-json\/wp\/v2\/pages\/1080","targetHints":{"allow":["GET"]}}],"collection":[{"href":"https:\/\/mediosfericos.unam.edu.ar\/index.php\/wp-json\/wp\/v2\/pages"}],"about":[{"href":"https:\/\/mediosfericos.unam.edu.ar\/index.php\/wp-json\/wp\/v2\/types\/page"}],"author":[{"embeddable":true,"href":"https:\/\/mediosfericos.unam.edu.ar\/index.php\/wp-json\/wp\/v2\/users\/3"}],"replies":[{"embeddable":true,"href":"https:\/\/mediosfericos.unam.edu.ar\/index.php\/wp-json\/wp\/v2\/comments?post=1080"}],"version-history":[{"count":10,"href":"https:\/\/mediosfericos.unam.edu.ar\/index.php\/wp-json\/wp\/v2\/pages\/1080\/revisions"}],"predecessor-version":[{"id":1135,"href":"https:\/\/mediosfericos.unam.edu.ar\/index.php\/wp-json\/wp\/v2\/pages\/1080\/revisions\/1135"}],"wp:attachment":[{"href":"https:\/\/mediosfericos.unam.edu.ar\/index.php\/wp-json\/wp\/v2\/media?parent=1080"}],"curies":[{"name":"wp","href":"https:\/\/api.w.org\/{rel}","templated":true}]}}