{"id":313,"date":"2025-10-30T12:10:45","date_gmt":"2025-10-30T15:10:45","guid":{"rendered":"https:\/\/mediosfericos.unam.edu.ar\/?page_id=313"},"modified":"2026-03-22T14:03:48","modified_gmt":"2026-03-22T17:03:48","slug":"tesis","status":"publish","type":"page","link":"https:\/\/mediosfericos.unam.edu.ar\/index.php\/tesis\/","title":{"rendered":"TESIS"},"content":{"rendered":"\n<div class=\"wp-block-cover is-light\" style=\"min-height:156px;aspect-ratio:unset;\"><span aria-hidden=\"true\" class=\"wp-block-cover__background has-custom-color-2-background-color has-background-dim-100 has-background-dim\"><\/span><div class=\"wp-block-cover__inner-container has-global-padding is-layout-constrained wp-block-cover-is-layout-constrained\">\n<p class=\"has-text-align-center has-custom-blanco-fondo-color-color has-text-color has-link-color has-fontprimary-font-family wp-elements-32ab59d1f5bf92d65cba8346a22f255a\" style=\"font-size:clamp(35.641px, 2.228rem + ((1vw - 3.2px) * 3.336), 65px);\">TESIS<\/p>\n<\/div><\/div>\n\n\n\n<div class=\"wp-block-query alignfull has-global-padding is-layout-constrained wp-block-query-is-layout-constrained\"><ul class=\"columns-3 alignfull wp-block-post-template has-background has-custom-blanco-fondo-color-background-color is-layout-grid wp-container-core-post-template-is-layout-6d3fbd8f wp-block-post-template-is-layout-grid\"><li class=\"wp-block-post post-234 post type-post status-publish format-standard has-post-thumbnail hentry category-tesis\">\n\n<div class=\"wp-block-group is-layout-flow wp-block-group-is-layout-flow\" style=\"padding-top:30px;padding-right:30px;padding-bottom:30px;padding-left:30px\"><figure style=\"aspect-ratio:1;\" class=\"wp-block-post-featured-image\"><img loading=\"lazy\" decoding=\"async\" width=\"1080\" height=\"1080\" src=\"https:\/\/mediosfericos.unam.edu.ar\/wp-content\/uploads\/2025\/10\/PRESENTACIONES_TAPA_WEB_TESIS-1.png\" class=\"attachment-post-thumbnail size-post-thumbnail wp-post-image\" alt=\"\" style=\"width:100%;height:100%;object-fit:cover;\" \/><\/figure>\n\n<h2 class=\"has-link-color wp-elements-e79775a8b169b553fb908e8a3149e135 wp-block-post-title has-text-color has-custom-color-2-color\"><a href=\"https:\/\/mediosfericos.unam.edu.ar\/index.php\/2025\/10\/28\/234\/\" target=\"_self\" >Representaciones medi\u00e1ticas del Pueblo Mbya Guaran\u00ed en la prensa misionera<\/a><\/h2>\n\n\n<div class=\"wp-block-columns is-layout-flex wp-container-core-columns-is-layout-28f84493 wp-block-columns-is-layout-flex\">\n<div class=\"wp-block-column is-layout-flow wp-block-column-is-layout-flow\">\n<hr class=\"wp-block-separator has-text-color has-custom-color-2-color has-alpha-channel-opacity has-custom-color-2-background-color has-background is-style-wide\"\/>\n<\/div>\n<\/div>\n\n\n<div class=\"wp-block-post-excerpt\"><p class=\"wp-block-post-excerpt__excerpt\">Este trabajo presenta una herramienta para identificar representaciones medi\u00e1ticas del pueblo Mbya Guaran\u00ed en textos period\u00edsticos, que contribuyan a identificar estereotipos coloniales persistentes y proponiendo pr\u00e1cticas comunicacionales descolonizadoras que reconozcan su voz y derechos. <\/p><\/div>\n\n<a style=\"font-style:normal;font-weight:700; border-width:0px; padding-top:var(--wp--preset--spacing--superbspacing-xsmall);padding-bottom:var(--wp--preset--spacing--superbspacing-xsmall);padding-left:var(--wp--preset--spacing--superbspacing-small);padding-right:var(--wp--preset--spacing--superbspacing-small);\" class=\"wp-elements-04af4457a33672c03d99fdef73134c23 wp-block-read-more has-text-color has-custom-blanco-fondo-color-color has-background has-custom-color-2-background-color has-arial-mt-pro-font-family\" href=\"https:\/\/mediosfericos.unam.edu.ar\/index.php\/2025\/10\/28\/234\/\" target=\"_self\">Leer m\u00e1s<span class=\"screen-reader-text\">: Representaciones medi\u00e1ticas del Pueblo Mbya Guaran\u00ed en la prensa misionera<\/span><\/a><\/div>\n\n<\/li><li class=\"wp-block-post post-361 post type-post status-publish format-standard has-post-thumbnail hentry category-tesis\">\n\n<div class=\"wp-block-group is-layout-flow wp-block-group-is-layout-flow\" style=\"padding-top:30px;padding-right:30px;padding-bottom:30px;padding-left:30px\"><figure style=\"aspect-ratio:1;\" class=\"wp-block-post-featured-image\"><img loading=\"lazy\" decoding=\"async\" width=\"1080\" height=\"1080\" src=\"https:\/\/mediosfericos.unam.edu.ar\/wp-content\/uploads\/2025\/11\/Disen\u0303o-sin-ti\u0301tulo-17.png\" class=\"attachment-post-thumbnail size-post-thumbnail wp-post-image\" alt=\"\" style=\"width:100%;height:100%;object-fit:cover;\" \/><\/figure>\n\n<h2 class=\"has-link-color wp-elements-e79775a8b169b553fb908e8a3149e135 wp-block-post-title has-text-color has-custom-color-2-color\"><a href=\"https:\/\/mediosfericos.unam.edu.ar\/index.php\/2025\/10\/31\/361\/\" target=\"_self\" >El antifeminismo en prime time: del espect\u00e1culo medi\u00e1tico a la batalla cultural<\/a><\/h2>\n\n\n<div class=\"wp-block-columns is-layout-flex wp-container-core-columns-is-layout-28f84493 wp-block-columns-is-layout-flex\">\n<div class=\"wp-block-column is-layout-flow wp-block-column-is-layout-flow\">\n<hr class=\"wp-block-separator has-text-color has-custom-color-2-color has-alpha-channel-opacity has-custom-color-2-background-color has-background is-style-wide\"\/>\n<\/div>\n<\/div>\n\n\n<div class=\"wp-block-post-excerpt\"><p class=\"wp-block-post-excerpt__excerpt\">Un an\u00e1lisis del discurso antifeminista de Viviana Canosa, en el que falacias, estereotipos y desinformaci\u00f3n se combinan para atacar los derechos de mujeres conquistados. <\/p><\/div>\n\n<a style=\"font-style:normal;font-weight:700; border-width:0px; padding-top:var(--wp--preset--spacing--superbspacing-xsmall);padding-bottom:var(--wp--preset--spacing--superbspacing-xsmall);padding-left:var(--wp--preset--spacing--superbspacing-small);padding-right:var(--wp--preset--spacing--superbspacing-small);\" class=\"wp-elements-04af4457a33672c03d99fdef73134c23 wp-block-read-more has-text-color has-custom-blanco-fondo-color-color has-background has-custom-color-2-background-color has-arial-mt-pro-font-family\" href=\"https:\/\/mediosfericos.unam.edu.ar\/index.php\/2025\/10\/31\/361\/\" target=\"_self\">Leer m\u00e1s<span class=\"screen-reader-text\">: El antifeminismo en prime time: del espect\u00e1culo medi\u00e1tico a la batalla cultural<\/span><\/a><\/div>\n\n<\/li><li class=\"wp-block-post post-454 post type-post status-publish format-standard has-post-thumbnail hentry category-tesis\">\n\n<div class=\"wp-block-group is-layout-flow wp-block-group-is-layout-flow\" style=\"padding-top:30px;padding-right:30px;padding-bottom:30px;padding-left:30px\"><figure style=\"aspect-ratio:1;\" class=\"wp-block-post-featured-image\"><img loading=\"lazy\" decoding=\"async\" width=\"1080\" height=\"1080\" src=\"https:\/\/mediosfericos.unam.edu.ar\/wp-content\/uploads\/2025\/11\/PRESENTACIONES_TAPA_WEB_TESIS.png\" class=\"attachment-post-thumbnail size-post-thumbnail wp-post-image\" alt=\"\" style=\"width:100%;height:100%;object-fit:cover;\" \/><\/figure>\n\n<h2 class=\"has-link-color wp-elements-e79775a8b169b553fb908e8a3149e135 wp-block-post-title has-text-color has-custom-color-2-color\"><a href=\"https:\/\/mediosfericos.unam.edu.ar\/index.php\/2025\/11\/03\/jazmin-tarnovski\/\" target=\"_self\" >Coberturas locales sobre un debate nacional<\/a><\/h2>\n\n\n<div class=\"wp-block-columns is-layout-flex wp-container-core-columns-is-layout-28f84493 wp-block-columns-is-layout-flex\">\n<div class=\"wp-block-column is-layout-flow wp-block-column-is-layout-flow\">\n<hr class=\"wp-block-separator has-text-color has-custom-color-2-color has-alpha-channel-opacity has-custom-color-2-background-color has-background is-style-wide\"\/>\n<\/div>\n<\/div>\n\n\n<div class=\"wp-block-post-excerpt\"><p class=\"wp-block-post-excerpt__excerpt\">La Ley Bases es una ley clave y vigente en la actualidad. Este art\u00edculo muestra c\u00f3mo tres medios digitales misioneros cubrieron su debate durante m\u00e1s de ocho meses. <\/p><\/div>\n\n<a style=\"font-style:normal;font-weight:700; border-width:0px; padding-top:var(--wp--preset--spacing--superbspacing-xsmall);padding-bottom:var(--wp--preset--spacing--superbspacing-xsmall);padding-left:var(--wp--preset--spacing--superbspacing-small);padding-right:var(--wp--preset--spacing--superbspacing-small);\" class=\"wp-elements-04af4457a33672c03d99fdef73134c23 wp-block-read-more has-text-color has-custom-blanco-fondo-color-color has-background has-custom-color-2-background-color has-arial-mt-pro-font-family\" href=\"https:\/\/mediosfericos.unam.edu.ar\/index.php\/2025\/11\/03\/jazmin-tarnovski\/\" target=\"_self\">Leer m\u00e1s<span class=\"screen-reader-text\">: Coberturas locales sobre un debate nacional<\/span><\/a><\/div>\n\n<\/li><li class=\"wp-block-post post-463 post type-post status-publish format-standard hentry category-tesis\">\n\n<div class=\"wp-block-group is-layout-flow wp-block-group-is-layout-flow\" style=\"padding-top:30px;padding-right:30px;padding-bottom:30px;padding-left:30px\">\n\n<h2 class=\"has-link-color wp-elements-e79775a8b169b553fb908e8a3149e135 wp-block-post-title has-text-color has-custom-color-2-color\"><a href=\"https:\/\/mediosfericos.unam.edu.ar\/index.php\/2025\/11\/03\/marina-casales\/\" target=\"_self\" >Agendas y l\u00f3gicas productivas del periodismo digital en Misiones en escenarios plataformizados<\/a><\/h2>\n\n\n<div class=\"wp-block-columns is-layout-flex wp-container-core-columns-is-layout-28f84493 wp-block-columns-is-layout-flex\">\n<div class=\"wp-block-column is-layout-flow wp-block-column-is-layout-flow\">\n<hr class=\"wp-block-separator has-text-color has-custom-color-2-color has-alpha-channel-opacity has-custom-color-2-background-color has-background is-style-wide\"\/>\n<\/div>\n<\/div>\n\n\n<div class=\"wp-block-post-excerpt\"><p class=\"wp-block-post-excerpt__excerpt\">Periodismo en escenarios plataformizados En esta investigaci\u00f3n se analizan las rutinas, fuentes y tem\u00e1ticas de los principales medios digitales en un contexto perif\u00e9rico y fronterizo, c\u00f3mo la convergencia digital y la influencia de grandes plataformas est\u00e1n reconfigurando la producci\u00f3n de noticias. La precarizaci\u00f3n laboral, la sobrecarga de tareas y la definici\u00f3n del inter\u00e9s p\u00fablico local&hellip; <\/p><\/div>\n\n<a style=\"font-style:normal;font-weight:700; border-width:0px; padding-top:var(--wp--preset--spacing--superbspacing-xsmall);padding-bottom:var(--wp--preset--spacing--superbspacing-xsmall);padding-left:var(--wp--preset--spacing--superbspacing-small);padding-right:var(--wp--preset--spacing--superbspacing-small);\" class=\"wp-elements-04af4457a33672c03d99fdef73134c23 wp-block-read-more has-text-color has-custom-blanco-fondo-color-color has-background has-custom-color-2-background-color has-arial-mt-pro-font-family\" href=\"https:\/\/mediosfericos.unam.edu.ar\/index.php\/2025\/11\/03\/marina-casales\/\" target=\"_self\">Leer m\u00e1s<span class=\"screen-reader-text\">: Agendas y l\u00f3gicas productivas del periodismo digital en Misiones en escenarios plataformizados<\/span><\/a><\/div>\n\n<\/li><\/ul><\/div>\n\n\n\n<p><\/p>\n","protected":false},"excerpt":{"rendered":"","protected":false},"author":3,"featured_media":0,"parent":0,"menu_order":0,"comment_status":"closed","ping_status":"closed","template":"blog-sidebar","meta":{"footnotes":""},"class_list":["post-313","page","type-page","status-publish","hentry"],"featured_media_urls":[],"_links":{"self":[{"href":"https:\/\/mediosfericos.unam.edu.ar\/index.php\/wp-json\/wp\/v2\/pages\/313","targetHints":{"allow":["GET"]}}],"collection":[{"href":"https:\/\/mediosfericos.unam.edu.ar\/index.php\/wp-json\/wp\/v2\/pages"}],"about":[{"href":"https:\/\/mediosfericos.unam.edu.ar\/index.php\/wp-json\/wp\/v2\/types\/page"}],"author":[{"embeddable":true,"href":"https:\/\/mediosfericos.unam.edu.ar\/index.php\/wp-json\/wp\/v2\/users\/3"}],"replies":[{"embeddable":true,"href":"https:\/\/mediosfericos.unam.edu.ar\/index.php\/wp-json\/wp\/v2\/comments?post=313"}],"version-history":[{"count":25,"href":"https:\/\/mediosfericos.unam.edu.ar\/index.php\/wp-json\/wp\/v2\/pages\/313\/revisions"}],"predecessor-version":[{"id":1137,"href":"https:\/\/mediosfericos.unam.edu.ar\/index.php\/wp-json\/wp\/v2\/pages\/313\/revisions\/1137"}],"wp:attachment":[{"href":"https:\/\/mediosfericos.unam.edu.ar\/index.php\/wp-json\/wp\/v2\/media?parent=313"}],"curies":[{"name":"wp","href":"https:\/\/api.w.org\/{rel}","templated":true}]}}