{"id":330,"date":"2025-11-03T15:12:56","date_gmt":"2025-11-03T18:12:56","guid":{"rendered":"https:\/\/mediosfericos.unam.edu.ar\/?page_id=330"},"modified":"2026-03-22T14:02:58","modified_gmt":"2026-03-22T17:02:58","slug":"informes","status":"publish","type":"page","link":"https:\/\/mediosfericos.unam.edu.ar\/index.php\/informes\/","title":{"rendered":"INFORMES"},"content":{"rendered":"\n<div class=\"wp-block-cover is-light\" style=\"min-height:179px;aspect-ratio:unset;\"><span aria-hidden=\"true\" class=\"wp-block-cover__background has-custom-color-2-background-color has-background-dim-100 has-background-dim\"><\/span><div class=\"wp-block-cover__inner-container has-global-padding is-layout-constrained wp-block-cover-is-layout-constrained\">\n<p class=\"has-text-align-center has-custom-blanco-fondo-color-color has-text-color has-link-color has-fontprimary-font-family wp-elements-a9af79ef985b161a72cab451f13c69ca\" style=\"font-size:clamp(35.641px, 2.228rem + ((1vw - 3.2px) * 3.336), 65px);\"><strong>INFORMES<\/strong><\/p>\n<\/div><\/div>\n\n\n\n<div class=\"wp-block-query is-layout-flow wp-block-query-is-layout-flow\"><ul class=\"columns-3 wp-block-post-template has-background has-custom-blanco-fondo-color-background-color is-layout-grid wp-container-core-post-template-is-layout-6d3fbd8f wp-block-post-template-is-layout-grid\"><li class=\"wp-block-post post-778 post type-post status-publish format-standard has-post-thumbnail hentry category-informes tag-monitoreos\">\n\n<div class=\"wp-block-group is-layout-flow wp-block-group-is-layout-flow\" style=\"padding-top:30px;padding-right:30px;padding-bottom:30px;padding-left:30px\"><figure class=\"wp-block-post-featured-image\"><img loading=\"lazy\" decoding=\"async\" width=\"1080\" height=\"1080\" src=\"https:\/\/mediosfericos.unam.edu.ar\/wp-content\/uploads\/2025\/11\/PRESENTACIONES_TAPA_WEB_TESIS-3-1.png\" class=\"attachment-post-thumbnail size-post-thumbnail wp-post-image\" alt=\"\" style=\"object-fit:cover;\" \/><\/figure>\n\n<div style=\"border-style:none;border-width:0px;padding-top:0;padding-bottom:0;margin-top:0;margin-bottom:0;margin-left:0;margin-right:0\" class=\"taxonomy-post_tag wp-block-post-terms has-superbfont-xsmall-font-size\"><a href=\"https:\/\/mediosfericos.unam.edu.ar\/index.php\/tag\/monitoreos\/\" rel=\"tag\">Monitoreos<\/a><\/div>\n\n<h2 style=\"margin-top:0;margin-bottom:0;\" class=\"has-link-color wp-elements-4e68887ba9c49b42536fc94e3f15248d wp-block-post-title has-text-color has-custom-color-2-color\"><a href=\"https:\/\/mediosfericos.unam.edu.ar\/index.php\/2025\/11\/05\/778\/\" target=\"_self\" >Agenda, voces y actores en los medios misioneros 2023<\/a><\/h2>\n\n\n<div class=\"wp-block-columns is-layout-flex wp-container-core-columns-is-layout-28f84493 wp-block-columns-is-layout-flex\">\n<div class=\"wp-block-column is-layout-flow wp-block-column-is-layout-flow\">\n<hr class=\"wp-block-separator has-text-color has-custom-color-2-color has-alpha-channel-opacity has-custom-color-2-background-color has-background is-style-wide\"\/>\n<\/div>\n<\/div>\n\n\n<div class=\"wp-block-post-excerpt\"><p class=\"wp-block-post-excerpt__excerpt\">Mar\u00eda del Rosario Mill\u00e1n \u00bfDe qu\u00e9 hablan los medios? La agenda de los medios misioneros en 2023 estuvo muy influenciada por los temas de pol\u00edtica, inseguridad y deportes. Los dos primeros ocupan la mayor parte de las notas principales en los medios analizados. Si miramos la agenda desagregada por temas y seg\u00fan la importancia que&hellip; <\/p><\/div>\n\n<a style=\"padding-top:var(--wp--preset--spacing--superbspacing-xsmall);padding-bottom:var(--wp--preset--spacing--superbspacing-xsmall);padding-left:var(--wp--preset--spacing--superbspacing-xsmall);padding-right:var(--wp--preset--spacing--superbspacing-xsmall);\" class=\"wp-elements-b3d66253e6af93ab2946466f9d6bf6ba wp-block-read-more has-text-color has-custom-blanco-fondo-color-color has-background has-custom-color-2-background-color\" href=\"https:\/\/mediosfericos.unam.edu.ar\/index.php\/2025\/11\/05\/778\/\" target=\"_self\">Leer m\u00e1s<span class=\"screen-reader-text\">: Agenda, voces y actores en los medios misioneros 2023<\/span><\/a><\/div>\n\n<\/li><li class=\"wp-block-post post-536 post type-post status-publish format-standard has-post-thumbnail hentry category-informes tag-tematicos\">\n\n<div class=\"wp-block-group is-layout-flow wp-block-group-is-layout-flow\" style=\"padding-top:30px;padding-right:30px;padding-bottom:30px;padding-left:30px\"><figure class=\"wp-block-post-featured-image\"><img loading=\"lazy\" decoding=\"async\" width=\"1080\" height=\"1080\" src=\"https:\/\/mediosfericos.unam.edu.ar\/wp-content\/uploads\/2025\/11\/PRESENTACIONES_TAPA_WEB_TESIS-6.png\" class=\"attachment-post-thumbnail size-post-thumbnail wp-post-image\" alt=\"\" style=\"object-fit:cover;\" \/><\/figure>\n\n<div style=\"border-style:none;border-width:0px;padding-top:0;padding-bottom:0;margin-top:0;margin-bottom:0;margin-left:0;margin-right:0\" class=\"taxonomy-post_tag wp-block-post-terms has-superbfont-xsmall-font-size\"><a href=\"https:\/\/mediosfericos.unam.edu.ar\/index.php\/tag\/tematicos\/\" rel=\"tag\">Tem\u00e1ticos<\/a><\/div>\n\n<h2 style=\"margin-top:0;margin-bottom:0;\" class=\"has-link-color wp-elements-4e68887ba9c49b42536fc94e3f15248d wp-block-post-title has-text-color has-custom-color-2-color\"><a href=\"https:\/\/mediosfericos.unam.edu.ar\/index.php\/2025\/11\/04\/536\/\" target=\"_self\" >Docentes, medios y pol\u00edtica: \u00bfc\u00f3mo se cont\u00f3 la protesta docente en Misiones?<\/a><\/h2>\n\n\n<div class=\"wp-block-columns is-layout-flex wp-container-core-columns-is-layout-28f84493 wp-block-columns-is-layout-flex\">\n<div class=\"wp-block-column is-layout-flow wp-block-column-is-layout-flow\">\n<hr class=\"wp-block-separator has-text-color has-custom-color-2-color has-alpha-channel-opacity has-custom-color-2-background-color has-background is-style-wide\"\/>\n<\/div>\n<\/div>\n\n\n<div class=\"wp-block-post-excerpt\"><p class=\"wp-block-post-excerpt__excerpt\">Entre mayo y julio de 2024, Misiones vivi\u00f3 uno de los conflictos docentes m\u00e1s intensos de los \u00faltimos a\u00f1os en el pa\u00eds. Las calles de Posadas se llenaron de docentes autoconvocados, marchas, cortes y acampes que reclamaban mejoras salariales frente al deterioro del poder adquisitivo. Pero m\u00e1s all\u00e1 del reclamo, el conflicto dej\u00f3 ver algo&hellip; <\/p><\/div>\n\n<a style=\"padding-top:var(--wp--preset--spacing--superbspacing-xsmall);padding-bottom:var(--wp--preset--spacing--superbspacing-xsmall);padding-left:var(--wp--preset--spacing--superbspacing-xsmall);padding-right:var(--wp--preset--spacing--superbspacing-xsmall);\" class=\"wp-elements-b3d66253e6af93ab2946466f9d6bf6ba wp-block-read-more has-text-color has-custom-blanco-fondo-color-color has-background has-custom-color-2-background-color\" href=\"https:\/\/mediosfericos.unam.edu.ar\/index.php\/2025\/11\/04\/536\/\" target=\"_self\">Leer m\u00e1s<span class=\"screen-reader-text\">: Docentes, medios y pol\u00edtica: \u00bfc\u00f3mo se cont\u00f3 la protesta docente en Misiones?<\/span><\/a><\/div>\n\n<\/li><\/ul><\/div>\n","protected":false},"excerpt":{"rendered":"","protected":false},"author":3,"featured_media":0,"parent":0,"menu_order":0,"comment_status":"closed","ping_status":"closed","template":"blog-sidebar","meta":{"footnotes":""},"class_list":["post-330","page","type-page","status-publish","hentry"],"featured_media_urls":[],"_links":{"self":[{"href":"https:\/\/mediosfericos.unam.edu.ar\/index.php\/wp-json\/wp\/v2\/pages\/330","targetHints":{"allow":["GET"]}}],"collection":[{"href":"https:\/\/mediosfericos.unam.edu.ar\/index.php\/wp-json\/wp\/v2\/pages"}],"about":[{"href":"https:\/\/mediosfericos.unam.edu.ar\/index.php\/wp-json\/wp\/v2\/types\/page"}],"author":[{"embeddable":true,"href":"https:\/\/mediosfericos.unam.edu.ar\/index.php\/wp-json\/wp\/v2\/users\/3"}],"replies":[{"embeddable":true,"href":"https:\/\/mediosfericos.unam.edu.ar\/index.php\/wp-json\/wp\/v2\/comments?post=330"}],"version-history":[{"count":29,"href":"https:\/\/mediosfericos.unam.edu.ar\/index.php\/wp-json\/wp\/v2\/pages\/330\/revisions"}],"predecessor-version":[{"id":1136,"href":"https:\/\/mediosfericos.unam.edu.ar\/index.php\/wp-json\/wp\/v2\/pages\/330\/revisions\/1136"}],"wp:attachment":[{"href":"https:\/\/mediosfericos.unam.edu.ar\/index.php\/wp-json\/wp\/v2\/media?parent=330"}],"curies":[{"name":"wp","href":"https:\/\/api.w.org\/{rel}","templated":true}]}}